{"id":6254,"date":"2025-06-10T12:14:32","date_gmt":"2025-06-10T10:14:32","guid":{"rendered":"https:\/\/www.hospite.it\/?post_type=product&#038;p=6254"},"modified":"2025-06-10T12:16:30","modified_gmt":"2025-06-10T10:16:30","slug":"new-hospitality-lux-10-copie-per-te","status":"publish","type":"product","link":"https:\/\/www.hospite.it\/shop\/new-hospitality-lux-10-copie-per-te\/","title":{"rendered":"New Hospitality Lux &#8211; 10 copie per te"},"content":{"rendered":"<p>Con questo acquisto riceverai 10 copie dell&#8217;ultima uscita del magazine New Hospitality Lux.<\/p>\n<p>Grazie per contribuire alla condivisione di esperienze, testimonianze e ricerche di valore!<\/p>\n","protected":false},"excerpt":{"rendered":"<p>New Hospitality Lux nasce per dare luce, vita ai talenti e alle persone che vivono e lavorano nel mondo dell&#8217;ospitalit\u00e0 di lusso. Perch\u00e9? Perch\u00e9 questo settore merita di essere raccontato per il valore che sa generare: il<span class=\"OYPEnA font-feature-liga-off font-feature-clig-off font-feature-calt-off text-decoration-none text-strikethrough-none\">\u00a0calore umano, la gentilezza, <\/span><span class=\"OYPEnA font-feature-liga-off font-feature-clig-off font-feature-calt-off text-decoration-none text-strikethrough-none\">l&#8217;amore e la professionalit\u00e0 nello sviluppo di relazioni umane autentiche.\u00a0<\/span><\/p>\n","protected":false},"featured_media":6248,"comment_status":"closed","ping_status":"closed","template":"","meta":{"_acf_changed":false,"_uf_show_specific_survey":0,"_uf_disable_surveys":false},"product_cat":[18],"product_tag":[],"class_list":{"0":"post-6254","1":"product","2":"type-product","3":"status-publish","4":"has-post-thumbnail","6":"product_cat-senza-categoria","8":"first","9":"instock","10":"taxable","11":"shipping-taxable","12":"purchasable","13":"product-type-variable"},"acf":[],"yoast_head":"<!-- This site is optimized with the Yoast SEO plugin v23.5 - https:\/\/yoast.com\/wordpress\/plugins\/seo\/ -->\n<title>New Hospitality Lux - 10 copie per te - Hospite S.r.l.<\/title>\n<meta name=\"robots\" content=\"noindex, nofollow\" \/>\n<meta property=\"og:locale\" content=\"en_US\" \/>\n<meta property=\"og:type\" content=\"article\" \/>\n<meta property=\"og:title\" content=\"New Hospitality Lux - 10 copie per te - Hospite S.r.l.\" \/>\n<meta property=\"og:description\" content=\"New Hospitality Lux nasce per dare luce, vita ai talenti e alle persone che vivono e lavorano nel mondo dell&#039;ospitalit\u00e0 di lusso. Perch\u00e9? Perch\u00e9 questo settore merita di essere raccontato per il valore che sa generare: il\u00a0calore umano, la gentilezza, l&#039;amore e la professionalit\u00e0 nello sviluppo di relazioni umane autentiche.\u00a0\" \/>\n<meta property=\"og:url\" content=\"https:\/\/www.hospite.it\/shop\/new-hospitality-lux-10-copie-per-te\/\" \/>\n<meta property=\"og:site_name\" content=\"Hospite S.r.l.\" \/>\n<meta property=\"article:modified_time\" content=\"2025-06-10T10:16:30+00:00\" \/>\n<meta property=\"og:image\" content=\"https:\/\/www.hospite.it\/wp-content\/uploads\/2025\/06\/Shop-online-prodotti.png\" \/>\n\t<meta property=\"og:image:width\" content=\"800\" \/>\n\t<meta property=\"og:image:height\" content=\"1000\" \/>\n\t<meta property=\"og:image:type\" content=\"image\/png\" \/>\n<meta name=\"twitter:card\" content=\"summary_large_image\" \/>\n<meta name=\"twitter:label1\" content=\"Est. reading time\" \/>\n\t<meta name=\"twitter:data1\" content=\"1 minute\" \/>\n<script type=\"application\/ld+json\" class=\"yoast-schema-graph\">{\"@context\":\"https:\/\/schema.org\",\"@graph\":[{\"@type\":\"WebPage\",\"@id\":\"https:\/\/www.hospite.it\/shop\/new-hospitality-lux-10-copie-per-te\/\",\"url\":\"https:\/\/www.hospite.it\/shop\/new-hospitality-lux-10-copie-per-te\/\",\"name\":\"New Hospitality Lux - 10 copie per te - Hospite S.r.l.\",\"isPartOf\":{\"@id\":\"https:\/\/www.hospite.it\/en\/#website\"},\"primaryImageOfPage\":{\"@id\":\"https:\/\/www.hospite.it\/shop\/new-hospitality-lux-10-copie-per-te\/#primaryimage\"},\"image\":{\"@id\":\"https:\/\/www.hospite.it\/shop\/new-hospitality-lux-10-copie-per-te\/#primaryimage\"},\"thumbnailUrl\":\"https:\/\/www.hospite.it\/wp-content\/uploads\/2025\/06\/Shop-online-prodotti.png\",\"datePublished\":\"2025-06-10T10:14:32+00:00\",\"dateModified\":\"2025-06-10T10:16:30+00:00\",\"breadcrumb\":{\"@id\":\"https:\/\/www.hospite.it\/shop\/new-hospitality-lux-10-copie-per-te\/#breadcrumb\"},\"inLanguage\":\"en-US\",\"potentialAction\":[{\"@type\":\"ReadAction\",\"target\":[\"https:\/\/www.hospite.it\/shop\/new-hospitality-lux-10-copie-per-te\/\"]}]},{\"@type\":\"ImageObject\",\"inLanguage\":\"en-US\",\"@id\":\"https:\/\/www.hospite.it\/shop\/new-hospitality-lux-10-copie-per-te\/#primaryimage\",\"url\":\"https:\/\/www.hospite.it\/wp-content\/uploads\/2025\/06\/Shop-online-prodotti.png\",\"contentUrl\":\"https:\/\/www.hospite.it\/wp-content\/uploads\/2025\/06\/Shop-online-prodotti.png\",\"width\":800,\"height\":1000},{\"@type\":\"BreadcrumbList\",\"@id\":\"https:\/\/www.hospite.it\/shop\/new-hospitality-lux-10-copie-per-te\/#breadcrumb\",\"itemListElement\":[{\"@type\":\"ListItem\",\"position\":1,\"name\":\"Home\",\"item\":\"https:\/\/www.hospite.it\/en\/\"},{\"@type\":\"ListItem\",\"position\":2,\"name\":\"Products\",\"item\":\"https:\/\/www.hospite.it\/en\/shop\/\"},{\"@type\":\"ListItem\",\"position\":3,\"name\":\"New Hospitality Lux &#8211; 10 copie per te\"}]},{\"@type\":\"WebSite\",\"@id\":\"https:\/\/www.hospite.it\/en\/#website\",\"url\":\"https:\/\/www.hospite.it\/en\/\",\"name\":\"Hospite S.r.l.\",\"description\":\"\",\"potentialAction\":[{\"@type\":\"SearchAction\",\"target\":{\"@type\":\"EntryPoint\",\"urlTemplate\":\"https:\/\/www.hospite.it\/en\/?s={search_term_string}\"},\"query-input\":{\"@type\":\"PropertyValueSpecification\",\"valueRequired\":true,\"valueName\":\"search_term_string\"}}],\"inLanguage\":\"en-US\"}]}<\/script>\n<!-- \/ Yoast SEO plugin. -->","yoast_head_json":{"title":"New Hospitality Lux - 10 copie per te - Hospite S.r.l.","robots":{"index":"noindex","follow":"nofollow"},"og_locale":"en_US","og_type":"article","og_title":"New Hospitality Lux - 10 copie per te - Hospite S.r.l.","og_description":"New Hospitality Lux nasce per dare luce, vita ai talenti e alle persone che vivono e lavorano nel mondo dell'ospitalit\u00e0 di lusso. Perch\u00e9? Perch\u00e9 questo settore merita di essere raccontato per il valore che sa generare: il\u00a0calore umano, la gentilezza, l'amore e la professionalit\u00e0 nello sviluppo di relazioni umane autentiche.\u00a0","og_url":"https:\/\/www.hospite.it\/shop\/new-hospitality-lux-10-copie-per-te\/","og_site_name":"Hospite S.r.l.","article_modified_time":"2025-06-10T10:16:30+00:00","og_image":[{"width":800,"height":1000,"url":"https:\/\/www.hospite.it\/wp-content\/uploads\/2025\/06\/Shop-online-prodotti.png","type":"image\/png"}],"twitter_card":"summary_large_image","twitter_misc":{"Est. reading time":"1 minute"},"schema":{"@context":"https:\/\/schema.org","@graph":[{"@type":"WebPage","@id":"https:\/\/www.hospite.it\/shop\/new-hospitality-lux-10-copie-per-te\/","url":"https:\/\/www.hospite.it\/shop\/new-hospitality-lux-10-copie-per-te\/","name":"New Hospitality Lux - 10 copie per te - Hospite S.r.l.","isPartOf":{"@id":"https:\/\/www.hospite.it\/en\/#website"},"primaryImageOfPage":{"@id":"https:\/\/www.hospite.it\/shop\/new-hospitality-lux-10-copie-per-te\/#primaryimage"},"image":{"@id":"https:\/\/www.hospite.it\/shop\/new-hospitality-lux-10-copie-per-te\/#primaryimage"},"thumbnailUrl":"https:\/\/www.hospite.it\/wp-content\/uploads\/2025\/06\/Shop-online-prodotti.png","datePublished":"2025-06-10T10:14:32+00:00","dateModified":"2025-06-10T10:16:30+00:00","breadcrumb":{"@id":"https:\/\/www.hospite.it\/shop\/new-hospitality-lux-10-copie-per-te\/#breadcrumb"},"inLanguage":"en-US","potentialAction":[{"@type":"ReadAction","target":["https:\/\/www.hospite.it\/shop\/new-hospitality-lux-10-copie-per-te\/"]}]},{"@type":"ImageObject","inLanguage":"en-US","@id":"https:\/\/www.hospite.it\/shop\/new-hospitality-lux-10-copie-per-te\/#primaryimage","url":"https:\/\/www.hospite.it\/wp-content\/uploads\/2025\/06\/Shop-online-prodotti.png","contentUrl":"https:\/\/www.hospite.it\/wp-content\/uploads\/2025\/06\/Shop-online-prodotti.png","width":800,"height":1000},{"@type":"BreadcrumbList","@id":"https:\/\/www.hospite.it\/shop\/new-hospitality-lux-10-copie-per-te\/#breadcrumb","itemListElement":[{"@type":"ListItem","position":1,"name":"Home","item":"https:\/\/www.hospite.it\/en\/"},{"@type":"ListItem","position":2,"name":"Products","item":"https:\/\/www.hospite.it\/en\/shop\/"},{"@type":"ListItem","position":3,"name":"New Hospitality Lux &#8211; 10 copie per te"}]},{"@type":"WebSite","@id":"https:\/\/www.hospite.it\/en\/#website","url":"https:\/\/www.hospite.it\/en\/","name":"Hospite S.r.l.","description":"","potentialAction":[{"@type":"SearchAction","target":{"@type":"EntryPoint","urlTemplate":"https:\/\/www.hospite.it\/en\/?s={search_term_string}"},"query-input":{"@type":"PropertyValueSpecification","valueRequired":true,"valueName":"search_term_string"}}],"inLanguage":"en-US"}]}},"_links":{"self":[{"href":"https:\/\/www.hospite.it\/en\/wp-json\/wp\/v2\/product\/6254"}],"collection":[{"href":"https:\/\/www.hospite.it\/en\/wp-json\/wp\/v2\/product"}],"about":[{"href":"https:\/\/www.hospite.it\/en\/wp-json\/wp\/v2\/types\/product"}],"replies":[{"embeddable":true,"href":"https:\/\/www.hospite.it\/en\/wp-json\/wp\/v2\/comments?post=6254"}],"wp:featuredmedia":[{"embeddable":true,"href":"https:\/\/www.hospite.it\/en\/wp-json\/wp\/v2\/media\/6248"}],"wp:attachment":[{"href":"https:\/\/www.hospite.it\/en\/wp-json\/wp\/v2\/media?parent=6254"}],"wp:term":[{"taxonomy":"product_cat","embeddable":true,"href":"https:\/\/www.hospite.it\/en\/wp-json\/wp\/v2\/product_cat?post=6254"},{"taxonomy":"product_tag","embeddable":true,"href":"https:\/\/www.hospite.it\/en\/wp-json\/wp\/v2\/product_tag?post=6254"}],"curies":[{"name":"wp","href":"https:\/\/api.w.org\/{rel}","templated":true}]}}