{"id":2641,"date":"2023-05-10T15:57:11","date_gmt":"2023-05-10T15:57:11","guid":{"rendered":"https:\/\/www.hospite.it\/?post_type=product&#038;p=2641"},"modified":"2026-02-23T14:57:50","modified_gmt":"2026-02-23T13:57:50","slug":"professione-mystery-guest","status":"publish","type":"product","link":"https:\/\/www.hospite.it\/shop\/professione-mystery-guest\/","title":{"rendered":"Professione Mystery Guest"},"content":{"rendered":"","protected":false},"excerpt":{"rendered":"<p>La guida completa per comprendere chi \u00e8 il Mystery Guest, che cosa fa e perch\u00e9 la sua analisi \u00e8 cos\u00ec importante.<\/p>\n","protected":false},"featured_media":4566,"comment_status":"closed","ping_status":"closed","template":"","meta":{"_acf_changed":false,"_uf_show_specific_survey":0,"_uf_disable_surveys":false},"product_cat":[78],"product_tag":[],"class_list":{"0":"post-2641","1":"product","2":"type-product","3":"status-publish","4":"has-post-thumbnail","6":"product_cat-libri-e-merchandising","8":"first","9":"instock","10":"taxable","11":"shipping-taxable","12":"purchasable","13":"product-type-simple"},"acf":[],"yoast_head":"<!-- This site is optimized with the Yoast SEO plugin v23.5 - https:\/\/yoast.com\/wordpress\/plugins\/seo\/ -->\n<title>Professione Mystery Guest: guida completa | Hospite<\/title>\n<meta name=\"description\" content=\"Il primo libro che racconta l&#039;affascinante lavoro del Mystery Guest, Mystery Client e Mystery Shopper. A cura di Michele Prete e Nicola Bolzan.\" \/>\n<meta name=\"robots\" content=\"index, follow, max-snippet:-1, max-image-preview:large, max-video-preview:-1\" \/>\n<link rel=\"canonical\" href=\"https:\/\/www.hospite.it\/en\/shop\/professione-mystery-guest\/\" \/>\n<meta property=\"og:locale\" content=\"en_US\" \/>\n<meta property=\"og:type\" content=\"article\" \/>\n<meta property=\"og:title\" content=\"Professione Mystery Guest: guida completa | Hospite\" \/>\n<meta property=\"og:description\" content=\"Il primo libro che racconta l&#039;affascinante lavoro del Mystery Guest, Mystery Client e Mystery Shopper. A cura di Michele Prete e Nicola Bolzan.\" \/>\n<meta property=\"og:url\" content=\"https:\/\/www.hospite.it\/shop\/professione-mystery-guest\/\" \/>\n<meta property=\"og:site_name\" content=\"Hospite S.r.l.\" \/>\n<meta property=\"article:modified_time\" content=\"2026-02-23T13:57:50+00:00\" \/>\n<meta property=\"og:image\" content=\"https:\/\/www.hospite.it\/wp-content\/uploads\/2023\/05\/professione-mystery-guest.webp\" \/>\n\t<meta property=\"og:image:width\" content=\"800\" \/>\n\t<meta property=\"og:image:height\" content=\"1000\" \/>\n\t<meta property=\"og:image:type\" content=\"image\/webp\" \/>\n<meta name=\"twitter:card\" content=\"summary_large_image\" \/>\n<script type=\"application\/ld+json\" class=\"yoast-schema-graph\">{\"@context\":\"https:\/\/schema.org\",\"@graph\":[{\"@type\":\"WebPage\",\"@id\":\"https:\/\/www.hospite.it\/shop\/professione-mystery-guest\/\",\"url\":\"https:\/\/www.hospite.it\/shop\/professione-mystery-guest\/\",\"name\":\"Professione Mystery Guest: guida completa | Hospite\",\"isPartOf\":{\"@id\":\"https:\/\/www.hospite.it\/en\/#website\"},\"primaryImageOfPage\":{\"@id\":\"https:\/\/www.hospite.it\/shop\/professione-mystery-guest\/#primaryimage\"},\"image\":{\"@id\":\"https:\/\/www.hospite.it\/shop\/professione-mystery-guest\/#primaryimage\"},\"thumbnailUrl\":\"https:\/\/www.hospite.it\/wp-content\/uploads\/2023\/05\/professione-mystery-guest.webp\",\"datePublished\":\"2023-05-10T15:57:11+00:00\",\"dateModified\":\"2026-02-23T13:57:50+00:00\",\"description\":\"Il primo libro che racconta l'affascinante lavoro del Mystery Guest, Mystery Client e Mystery Shopper. A cura di Michele Prete e Nicola Bolzan.\",\"breadcrumb\":{\"@id\":\"https:\/\/www.hospite.it\/shop\/professione-mystery-guest\/#breadcrumb\"},\"inLanguage\":\"en-US\",\"potentialAction\":[{\"@type\":\"ReadAction\",\"target\":[\"https:\/\/www.hospite.it\/shop\/professione-mystery-guest\/\"]}]},{\"@type\":\"ImageObject\",\"inLanguage\":\"en-US\",\"@id\":\"https:\/\/www.hospite.it\/shop\/professione-mystery-guest\/#primaryimage\",\"url\":\"https:\/\/www.hospite.it\/wp-content\/uploads\/2023\/05\/professione-mystery-guest.webp\",\"contentUrl\":\"https:\/\/www.hospite.it\/wp-content\/uploads\/2023\/05\/professione-mystery-guest.webp\",\"width\":800,\"height\":1000},{\"@type\":\"BreadcrumbList\",\"@id\":\"https:\/\/www.hospite.it\/shop\/professione-mystery-guest\/#breadcrumb\",\"itemListElement\":[{\"@type\":\"ListItem\",\"position\":1,\"name\":\"Home\",\"item\":\"https:\/\/www.hospite.it\/en\/\"},{\"@type\":\"ListItem\",\"position\":2,\"name\":\"Products\",\"item\":\"https:\/\/www.hospite.it\/en\/shop\/\"},{\"@type\":\"ListItem\",\"position\":3,\"name\":\"Professione Mystery Guest\"}]},{\"@type\":\"WebSite\",\"@id\":\"https:\/\/www.hospite.it\/en\/#website\",\"url\":\"https:\/\/www.hospite.it\/en\/\",\"name\":\"Hospite S.r.l.\",\"description\":\"\",\"potentialAction\":[{\"@type\":\"SearchAction\",\"target\":{\"@type\":\"EntryPoint\",\"urlTemplate\":\"https:\/\/www.hospite.it\/en\/?s={search_term_string}\"},\"query-input\":{\"@type\":\"PropertyValueSpecification\",\"valueRequired\":true,\"valueName\":\"search_term_string\"}}],\"inLanguage\":\"en-US\"}]}<\/script>\n<!-- \/ Yoast SEO plugin. -->","yoast_head_json":{"title":"Professione Mystery Guest: guida completa | Hospite","description":"Il primo libro che racconta l'affascinante lavoro del Mystery Guest, Mystery Client e Mystery Shopper. A cura di Michele Prete e Nicola Bolzan.","robots":{"index":"index","follow":"follow","max-snippet":"max-snippet:-1","max-image-preview":"max-image-preview:large","max-video-preview":"max-video-preview:-1"},"canonical":"https:\/\/www.hospite.it\/en\/shop\/professione-mystery-guest\/","og_locale":"en_US","og_type":"article","og_title":"Professione Mystery Guest: guida completa | Hospite","og_description":"Il primo libro che racconta l'affascinante lavoro del Mystery Guest, Mystery Client e Mystery Shopper. A cura di Michele Prete e Nicola Bolzan.","og_url":"https:\/\/www.hospite.it\/shop\/professione-mystery-guest\/","og_site_name":"Hospite S.r.l.","article_modified_time":"2026-02-23T13:57:50+00:00","og_image":[{"width":800,"height":1000,"url":"https:\/\/www.hospite.it\/wp-content\/uploads\/2023\/05\/professione-mystery-guest.webp","type":"image\/webp"}],"twitter_card":"summary_large_image","schema":{"@context":"https:\/\/schema.org","@graph":[{"@type":"WebPage","@id":"https:\/\/www.hospite.it\/shop\/professione-mystery-guest\/","url":"https:\/\/www.hospite.it\/shop\/professione-mystery-guest\/","name":"Professione Mystery Guest: guida completa | Hospite","isPartOf":{"@id":"https:\/\/www.hospite.it\/en\/#website"},"primaryImageOfPage":{"@id":"https:\/\/www.hospite.it\/shop\/professione-mystery-guest\/#primaryimage"},"image":{"@id":"https:\/\/www.hospite.it\/shop\/professione-mystery-guest\/#primaryimage"},"thumbnailUrl":"https:\/\/www.hospite.it\/wp-content\/uploads\/2023\/05\/professione-mystery-guest.webp","datePublished":"2023-05-10T15:57:11+00:00","dateModified":"2026-02-23T13:57:50+00:00","description":"Il primo libro che racconta l'affascinante lavoro del Mystery Guest, Mystery Client e Mystery Shopper. A cura di Michele Prete e Nicola Bolzan.","breadcrumb":{"@id":"https:\/\/www.hospite.it\/shop\/professione-mystery-guest\/#breadcrumb"},"inLanguage":"en-US","potentialAction":[{"@type":"ReadAction","target":["https:\/\/www.hospite.it\/shop\/professione-mystery-guest\/"]}]},{"@type":"ImageObject","inLanguage":"en-US","@id":"https:\/\/www.hospite.it\/shop\/professione-mystery-guest\/#primaryimage","url":"https:\/\/www.hospite.it\/wp-content\/uploads\/2023\/05\/professione-mystery-guest.webp","contentUrl":"https:\/\/www.hospite.it\/wp-content\/uploads\/2023\/05\/professione-mystery-guest.webp","width":800,"height":1000},{"@type":"BreadcrumbList","@id":"https:\/\/www.hospite.it\/shop\/professione-mystery-guest\/#breadcrumb","itemListElement":[{"@type":"ListItem","position":1,"name":"Home","item":"https:\/\/www.hospite.it\/en\/"},{"@type":"ListItem","position":2,"name":"Products","item":"https:\/\/www.hospite.it\/en\/shop\/"},{"@type":"ListItem","position":3,"name":"Professione Mystery Guest"}]},{"@type":"WebSite","@id":"https:\/\/www.hospite.it\/en\/#website","url":"https:\/\/www.hospite.it\/en\/","name":"Hospite S.r.l.","description":"","potentialAction":[{"@type":"SearchAction","target":{"@type":"EntryPoint","urlTemplate":"https:\/\/www.hospite.it\/en\/?s={search_term_string}"},"query-input":{"@type":"PropertyValueSpecification","valueRequired":true,"valueName":"search_term_string"}}],"inLanguage":"en-US"}]}},"_links":{"self":[{"href":"https:\/\/www.hospite.it\/en\/wp-json\/wp\/v2\/product\/2641"}],"collection":[{"href":"https:\/\/www.hospite.it\/en\/wp-json\/wp\/v2\/product"}],"about":[{"href":"https:\/\/www.hospite.it\/en\/wp-json\/wp\/v2\/types\/product"}],"replies":[{"embeddable":true,"href":"https:\/\/www.hospite.it\/en\/wp-json\/wp\/v2\/comments?post=2641"}],"wp:featuredmedia":[{"embeddable":true,"href":"https:\/\/www.hospite.it\/en\/wp-json\/wp\/v2\/media\/4566"}],"wp:attachment":[{"href":"https:\/\/www.hospite.it\/en\/wp-json\/wp\/v2\/media?parent=2641"}],"wp:term":[{"taxonomy":"product_cat","embeddable":true,"href":"https:\/\/www.hospite.it\/en\/wp-json\/wp\/v2\/product_cat?post=2641"},{"taxonomy":"product_tag","embeddable":true,"href":"https:\/\/www.hospite.it\/en\/wp-json\/wp\/v2\/product_tag?post=2641"}],"curies":[{"name":"wp","href":"https:\/\/api.w.org\/{rel}","templated":true}]}}